{"id":9148,"date":"2022-01-20T13:46:40","date_gmt":"2022-01-20T12:46:40","guid":{"rendered":"https:\/\/www.cabinetbouchara.com\/milena-kolev\/"},"modified":"2025-03-19T17:55:03","modified_gmt":"2025-03-19T16:55:03","slug":"milena-kolev","status":"publish","type":"page","link":"https:\/\/www.cabinetbouchara.com\/en\/milena-kolev\/","title":{"rendered":"Milena Kolev"},"content":{"rendered":"<p>Team &gt;\u00a0 \u00a0\u00a0 <a href=\"https:\/\/www.cabinetbouchara.com\/en\/en\/notre-equipe\/\" class=\"breadcrumb\">Our team<\/a>\u00a0 \u00a0 \u00a0&gt;\u00a0 \u00a0 \u00a0 <strong><span style=\"color: #d3c0a9;\">Milena Kolev<\/span><\/strong><\/p>\n\n\n<div class=\"gb-container gb-container-34ade2c6\">\n<div class=\"gb-grid-wrapper gb-grid-wrapper-02ef8a10\">\n<div class=\"gb-grid-column gb-grid-column-62b4aadf\"><div class=\"gb-container gb-container-62b4aadf\">\n\n<figure class=\"wp-block-image size-full hover-image hover-milena-page hover-image-page\"><img loading=\"lazy\" decoding=\"async\" width=\"751\" height=\"1000\" src=\"https:\/\/www.cabinetbouchara.com\/wp-content\/uploads\/2022\/02\/Milena-KOLEV-vert-1-min.png\" alt=\"\" class=\"wp-image-3498\" srcset=\"https:\/\/www.cabinetbouchara.com\/wp-content\/uploads\/2022\/02\/Milena-KOLEV-vert-1-min.png 751w, https:\/\/www.cabinetbouchara.com\/wp-content\/uploads\/2022\/02\/Milena-KOLEV-vert-1-min-225x300.png 225w\" sizes=\"auto, (max-width: 751px) 100vw, 751px\" \/><\/figure>\n\n\n\n<h2 class=\"wp-block-heading contact-page has-text-color has-link-color wp-elements-8ccdb921511c0baa61bbdf90fa8ebb9e\" style=\"color:#1a4454\">Contact<\/h2>\n\n\n\n<hr class=\"wp-block-separator has-alpha-channel-opacity vis-hidden hrmargin20\"\/>\n\n\n\n<p class=\"p-contact-page has-text-color has-link-color wp-elements-0d3a796d377c52c32291a6acc9296b99\" style=\"color:#707070;font-size:16px\"><a href=\"mailto:ggl@cabinetbouchara.com%20\"><\/a><a href=\"mailto:trademark@cabinetbouchara.com\">trademark@cabinetbouchara.com<\/a><br>T\u00e9l :&nbsp;<a href=\"tel:+33%20(0) 1 42 25 42 30\">+33 (0) 1 42 25 42 30<\/a><\/p>\n\n\n\n<ul class=\"wp-block-social-links is-content-justification-right is-layout-flex wp-container-core-social-links-is-layout-765c4724 wp-block-social-links-is-layout-flex\"><li class=\"wp-social-link wp-social-link-linkedin  wp-block-social-link\"><a href=\"https:\/\/www.linkedin.com\/in\/milena-kolev-4969a3129\/?originalSubdomain=fr\" class=\"wp-block-social-link-anchor\" target=\"_blank\" rel=\"noopener\"><svg width=\"24\" height=\"24\" viewBox=\"0 0 24 24\" version=\"1.1\" xmlns=\"http:\/\/www.w3.org\/2000\/svg\" aria-hidden=\"true\" focusable=\"false\"><path d=\"M19.7,3H4.3C3.582,3,3,3.582,3,4.3v15.4C3,20.418,3.582,21,4.3,21h15.4c0.718,0,1.3-0.582,1.3-1.3V4.3 C21,3.582,20.418,3,19.7,3z M8.339,18.338H5.667v-8.59h2.672V18.338z M7.004,8.574c-0.857,0-1.549-0.694-1.549-1.548 c0-0.855,0.691-1.548,1.549-1.548c0.854,0,1.547,0.694,1.547,1.548C8.551,7.881,7.858,8.574,7.004,8.574z M18.339,18.338h-2.669 v-4.177c0-0.996-0.017-2.278-1.387-2.278c-1.389,0-1.601,1.086-1.601,2.206v4.249h-2.667v-8.59h2.559v1.174h0.037 c0.356-0.675,1.227-1.387,2.526-1.387c2.703,0,3.203,1.779,3.203,4.092V18.338z\"><\/path><\/svg><span class=\"wp-block-social-link-label screen-reader-text\">LinkedIn<\/span><\/a><\/li><\/ul>\n\n<\/div><\/div>\n\n<div class=\"gb-grid-column gb-grid-column-fd9f3390\"><div class=\"gb-container gb-container-fd9f3390\">\n\n<h1 class=\"wp-block-heading has-text-color has-link-color wp-elements-932d3382d5c63873198cb1cf7f69549d\" style=\"color:#1a4454;font-size:50px\"><strong><strong>Milena Kolev<\/strong><\/strong><\/h1>\n\n\n\n<p class=\"has-text-color has-link-color wp-elements-c6fb0929538c08284990bb98f84e8a5a\" style=\"color:#1a4454\">Assistante marques<\/p>\n\n\n\n<p>Apr\u00e8s une premi\u00e8re ann\u00e9e de Licence de Droit \u00e0 l\u2019Universit\u00e9 Paris 2 Panth\u00e9on \u2013 Assas, Milena est licenci\u00e9e en Relations Publiques et Communication \u00e0 l\u2019Universit\u00e9 de Greenwich \u00e0 Londres.<\/p>\n\n\n\n<p>Milena a eu plusieurs exp\u00e9riences significatives, notamment dans une Agence de communication pour avocats en qualit\u00e9 de chef de projet au sein du p\u00f4le m\u00e9dia, et dans un Cabinet d\u2019avocats en qualit\u00e9 d\u2019assistance administrative.<\/p>\n\n\n\n<p>Milena a rejoint le CABINET BOUCHARA &amp; AVOCATS en septembre 2018.<\/p>\n\n<\/div><\/div>\n<\/div>\n<\/div>\n\n<div class=\"gb-container gb-container-665dc0d4\">\n\n<h2 class=\"wp-block-heading has-text-color has-link-color wp-elements-3240549ea775014ac57deb37a851a371\" style=\"color:#1a4454\">Areas <strong>of focus<\/strong><\/h2>\n\n\n<div class=\"gb-grid-wrapper gb-grid-wrapper-a0cc954a\">\n<div class=\"gb-grid-column gb-grid-column-57e51240\"><div class=\"gb-container gb-container-57e51240\">\n<div class=\"gb-grid-wrapper gb-grid-wrapper-6bd7a673\">\n<div class=\"gb-grid-column gb-grid-column-e77f2aeb\"><div class=\"gb-container gb-container-e77f2aeb\">\n\n<figure class=\"wp-block-image size-large is-resized\"><img decoding=\"async\" src=\"https:\/\/www.cabinetbouchara.com\/wp-content\/uploads\/2021\/12\/Fichier-8.svg\" alt=\"\" class=\"wp-image-880\" style=\"width:27px;height:auto\"\/><\/figure>\n\n<\/div><\/div>\n\n<div class=\"gb-grid-column gb-grid-column-9c6b9fcb\"><div class=\"gb-container gb-container-9c6b9fcb\">\n\n<p class=\"has-contrast-2-color has-text-color has-link-color wp-elements-eb6706285eb9ee8ba7a4df9d0bcfdbd4\"><a href=\"https:\/\/www.cabinetbouchara.com\/en\/trademark-law\/\" data-type=\"page\" data-id=\"9202\">TRADEMARKS<\/a><\/p>\n\n<\/div><\/div>\n<\/div>\n<\/div><\/div>\n<\/div>\n<\/div>\n\n<div class=\"gb-container gb-container-df40c40f alignfull\">\n<div class=\"gb-grid-wrapper gb-grid-wrapper-de3a1768\">\n<div class=\"gb-grid-column gb-grid-column-e3d5a965\"><div class=\"gb-container gb-container-e3d5a965\">\n\n<h2 class=\"wp-block-heading white has-base-3-color has-text-color has-link-color wp-elements-9897659c55f62a5d93fae794d561fa33\"><strong>Pourquoi la propri\u00e9t\u00e9 intellectuelle ?<\/strong><\/h2>\n\n\n\n<p>Il para\u00eet que le hasard fait bien les choses. Ayant atterri dans le milieu de la propri\u00e9t\u00e9 intellectuelle que je ne connaissais pas, l\u2019int\u00e9r\u00eat a \u00e9t\u00e9 pourtant imm\u00e9diat ! En effet, cette mati\u00e8re du Droit, souvent m\u00e9connue et par d\u00e9faut un peu n\u00e9glig\u00e9e, est si importante. En s\u2019y int\u00e9ressant plus particuli\u00e8rement, on comprend toute son ampleur.<\/p>\n\n\n\n<p>C\u2019est une mati\u00e8re particuli\u00e8rement vari\u00e9e, o\u00f9 il est impossible de s\u2019ennuyer. Elle permet, pour ne citer que quelques exemples, d\u2019\u00e9laborer des strat\u00e9gies globales de protection des actifs de PI, d\u2019apprendre la vie d\u2019une marque et ses complexit\u00e9s, mais aussi de se familiariser avec les pratiques internationales, parfois bien diff\u00e9rentes des n\u00f4tres.<\/p>\n\n\n\n<p>Dans un monde de plus en plus concurrentiel, la propri\u00e9t\u00e9 intellectuelle repr\u00e9sente une valeur ajout\u00e9e pour toutes les entreprises et une cr\u00e9dibilit\u00e9 accrue pour leurs activit\u00e9s.<\/p>\n\n<\/div><\/div>\n\n<div class=\"gb-grid-column gb-grid-column-c05f349e\"><div class=\"gb-container gb-container-c05f349e\">\n\n<h2 class=\"wp-block-heading\"><strong>Artiste pr\u00e9f\u00e9r\u00e9<\/strong><\/h2>\n\n\n\n<p>Milena s\u2019int\u00e9resse aux jeunes artistes musicaux et tout particuli\u00e8rement \u00e0 Ed Sheeran, compositeur \/ interpr\u00e8te de 28 ans qui dispose d\u2019une capacit\u00e9 d\u2019improvisation musicale de grande qualit\u00e9.<\/p>\n\n\n\n<h2 class=\"wp-block-heading\"><strong>Artiste pr\u00e9f\u00e9r\u00e9<\/strong><\/h2>\n\n\n\n<p>Milena aime la p\u00e2tisserie qui lui permet de d\u00e9couvrir et de partager de nouvelles sensations.<\/p>\n\n<\/div><\/div>\n<\/div>\n<\/div>\n\n<div class=\"gb-container gb-container-9a7c4419\">\n\n<h2 class=\"wp-block-heading has-text-color has-link-color wp-elements-5cafd8494a593016cbd98b8973839b33\" style=\"color:#1a4454\">Discover other <strong>experts of the firm<\/strong><\/h2>\n\n\n\n<div class=\"wp-block-cb-carousel\" data-slick=\"{&quot;slidesToShow&quot;:4,&quot;slidesToScroll&quot;:1,&quot;speed&quot;:300,&quot;arrows&quot;:true,&quot;dots&quot;:false,&quot;autoplay&quot;:false,&quot;autoplaySpeed&quot;:3000,&quot;infinite&quot;:true,&quot;responsive&quot;:[{&quot;breakpoint&quot;:769,&quot;settings&quot;:{&quot;slidesToShow&quot;:1,&quot;slidesToScroll&quot;:1}}]}\">\n<div class=\"wp-block-cb-slide\"><div class=\"gb-container gb-container-7590cdc2\"><a class=\"gb-container-link\" href=\"https:\/\/www.cabinetbouchara.com\/en\/milena-kolev\/\"><\/a>\n\n<figure class=\"wp-block-image size-full\"><img loading=\"lazy\" decoding=\"async\" width=\"751\" height=\"1000\" src=\"https:\/\/www.cabinetbouchara.com\/wp-content\/uploads\/2022\/02\/Milena-KOLEV-vert-1-min.png\" alt=\"\" class=\"wp-image-3498\" srcset=\"https:\/\/www.cabinetbouchara.com\/wp-content\/uploads\/2022\/02\/Milena-KOLEV-vert-1-min.png 751w, https:\/\/www.cabinetbouchara.com\/wp-content\/uploads\/2022\/02\/Milena-KOLEV-vert-1-min-225x300.png 225w\" sizes=\"auto, (max-width: 751px) 100vw, 751px\" \/><\/figure>\n\n\n\n<p><strong>Milena Kolev<\/strong><\/p>\n\n\n\n<p>Brand Assistant<\/p>\n\n<\/div><\/div>\n\n\n\n<div class=\"wp-block-cb-slide\"><div class=\"gb-container gb-container-7dc03a46\"><a class=\"gb-container-link\" href=\"https:\/\/www.cabinetbouchara.com\/en\/may-vang\/\"><\/a>\n\n<figure class=\"wp-block-image size-full\"><img loading=\"lazy\" decoding=\"async\" width=\"751\" height=\"1000\" src=\"https:\/\/www.cabinetbouchara.com\/wp-content\/uploads\/2026\/01\/barbara21.png\" alt=\"\" class=\"wp-image-19227\" srcset=\"https:\/\/www.cabinetbouchara.com\/wp-content\/uploads\/2026\/01\/barbara21.png 751w, https:\/\/www.cabinetbouchara.com\/wp-content\/uploads\/2026\/01\/barbara21-225x300.png 225w\" sizes=\"auto, (max-width: 751px) 100vw, 751px\" \/><\/figure>\n\n\n\n<p><strong>Barbara Beaufils<\/strong><\/p>\n\n\n\n<p>Legal assistant<\/p>\n\n<\/div><\/div>\n\n\n\n<div class=\"wp-block-cb-slide\"><div class=\"gb-container gb-container-f0452331\"><a class=\"gb-container-link\" href=\"https:\/\/www.cabinetbouchara.com\/en\/vanessa-bouchara\/\"><\/a>\n\n<figure class=\"wp-block-image size-full\"><img loading=\"lazy\" decoding=\"async\" width=\"752\" height=\"1000\" src=\"https:\/\/www.cabinetbouchara.com\/wp-content\/uploads\/2022\/02\/Vanessa-vert-1.png\" alt=\"\" class=\"wp-image-3453\" srcset=\"https:\/\/www.cabinetbouchara.com\/wp-content\/uploads\/2022\/02\/Vanessa-vert-1.png 752w, https:\/\/www.cabinetbouchara.com\/wp-content\/uploads\/2022\/02\/Vanessa-vert-1-226x300.png 226w\" sizes=\"auto, (max-width: 752px) 100vw, 752px\" \/><\/figure>\n\n\n\n<p><strong>Vanessa Bouchara<\/strong><\/p>\n\n\n\n<p>Founding partner<\/p>\n\n<\/div><\/div>\n\n\n\n<div class=\"wp-block-cb-slide\"><div class=\"gb-container gb-container-0fa181a2\"><a class=\"gb-container-link\" href=\"https:\/\/www.cabinetbouchara.com\/en\/louise-lacroix\/\"><\/a>\n\n<figure class=\"wp-block-image size-full\"><img loading=\"lazy\" decoding=\"async\" width=\"751\" height=\"1000\" src=\"https:\/\/www.cabinetbouchara.com\/wp-content\/uploads\/2022\/02\/Louise-LACROIX-vert-1.png\" alt=\"\" class=\"wp-image-3473\" srcset=\"https:\/\/www.cabinetbouchara.com\/wp-content\/uploads\/2022\/02\/Louise-LACROIX-vert-1.png 751w, https:\/\/www.cabinetbouchara.com\/wp-content\/uploads\/2022\/02\/Louise-LACROIX-vert-1-225x300.png 225w\" sizes=\"auto, (max-width: 751px) 100vw, 751px\" \/><\/figure>\n\n\n\n<p><strong>Louise Lacroix<\/strong><\/p>\n\n\n\n<p>Associate<\/p>\n\n<\/div><\/div>\n\n\n\n<div class=\"wp-block-cb-slide\"><div class=\"gb-container gb-container-364e7902\"><a class=\"gb-container-link\" href=\"https:\/\/www.cabinetbouchara.com\/en\/heta-sacko\/\"><\/a>\n\n<figure class=\"wp-block-image size-full\"><img loading=\"lazy\" decoding=\"async\" width=\"751\" height=\"1000\" src=\"https:\/\/www.cabinetbouchara.com\/wp-content\/uploads\/2022\/02\/Heta-SACKO-vert-1-min.png\" alt=\"\" class=\"wp-image-3496\" srcset=\"https:\/\/www.cabinetbouchara.com\/wp-content\/uploads\/2022\/02\/Heta-SACKO-vert-1-min.png 751w, https:\/\/www.cabinetbouchara.com\/wp-content\/uploads\/2022\/02\/Heta-SACKO-vert-1-min-225x300.png 225w\" sizes=\"auto, (max-width: 751px) 100vw, 751px\" \/><\/figure>\n\n\n\n<p><strong>H\u00e9ta Sacko<\/strong><\/p>\n\n\n\n<p>Brand Manager<\/p>\n\n<\/div><\/div>\n<\/div>\n\n<\/div>","protected":false},"excerpt":{"rendered":"<p>Areas of focus<\/p>\n","protected":false},"author":1,"featured_media":0,"parent":0,"menu_order":0,"comment_status":"closed","ping_status":"closed","template":"","meta":{"inline_featured_image":false,"footnotes":""},"class_list":["post-9148","page","type-page","status-publish"],"_links":{"self":[{"href":"https:\/\/www.cabinetbouchara.com\/en\/wp-json\/wp\/v2\/pages\/9148","targetHints":{"allow":["GET"]}}],"collection":[{"href":"https:\/\/www.cabinetbouchara.com\/en\/wp-json\/wp\/v2\/pages"}],"about":[{"href":"https:\/\/www.cabinetbouchara.com\/en\/wp-json\/wp\/v2\/types\/page"}],"author":[{"embeddable":true,"href":"https:\/\/www.cabinetbouchara.com\/en\/wp-json\/wp\/v2\/users\/1"}],"replies":[{"embeddable":true,"href":"https:\/\/www.cabinetbouchara.com\/en\/wp-json\/wp\/v2\/comments?post=9148"}],"version-history":[{"count":23,"href":"https:\/\/www.cabinetbouchara.com\/en\/wp-json\/wp\/v2\/pages\/9148\/revisions"}],"predecessor-version":[{"id":19060,"href":"https:\/\/www.cabinetbouchara.com\/en\/wp-json\/wp\/v2\/pages\/9148\/revisions\/19060"}],"wp:attachment":[{"href":"https:\/\/www.cabinetbouchara.com\/en\/wp-json\/wp\/v2\/media?parent=9148"}],"curies":[{"name":"wp","href":"https:\/\/api.w.org\/{rel}","templated":true}]}}